{"id":10422,"date":"2017-12-13T08:37:41","date_gmt":"2017-12-13T07:37:41","guid":{"rendered":"https:\/\/murielledurez.com\/?page_id=10422"},"modified":"2025-08-03T09:47:32","modified_gmt":"2025-08-03T07:47:32","slug":"accueil-2","status":"publish","type":"page","link":"https:\/\/murielle.myds.me\/?page_id=10422","title":{"rendered":"Actualit\u00e9"},"content":{"rendered":"<h1>Murielle Durez<br \/>\nArt peinture Palimpsestes<\/h1>\n<p>Un palimpseste\u00a0est un manuscrit constitu\u00e9 d\u2019un parchemin d\u00e9j\u00e0 utilis\u00e9, dont on a gratt\u00e9\u00a0 les inscriptions pour pouvoir y \u00e9crire de nouveau.<\/p>\n<p>D&#8217;anciens \u00e9crits ont ainsi \u00e9t\u00e9 d\u00e9couverts gr\u00e2ce aux nouvelles techniques.<\/p>\n<p>Effacer et r\u00e9\u00e9crire, mais garder des traces &#8221; d\u2019avant.&#8221;&#8230;<\/p>\n<p>C&#8217;est le sens de ma derni\u00e8re s\u00e9rie &#8221; Les d\u00e9chir\u00e9s&#8221;.<\/p>\n<p>Des oeuvres d&#8217;aujourd&#8217;hui avec hier pour fondations.<\/p>\n<p>Mais, n&#8217;est ce pas ainsi que va la vie ?<\/p>\n<p>\u00a0<\/p>\n<p>\t\t\t\t\t\t\t\t\t\t\t\t\t\t\t<img loading=\"lazy\" decoding=\"async\" width=\"150\" height=\"150\" src=\"https:\/\/murielle.myds.me\/wp-content\/uploads\/2022\/08\/E4FB27B9-FF32-4E35-9913-020968DCF281-150x150.jpeg\" alt=\"Portrait Murielle Durez\" srcset=\"https:\/\/murielle.myds.me\/wp-content\/uploads\/2022\/08\/E4FB27B9-FF32-4E35-9913-020968DCF281-150x150.jpeg 150w, https:\/\/murielle.myds.me\/wp-content\/uploads\/2022\/08\/E4FB27B9-FF32-4E35-9913-020968DCF281-100x100.jpeg 100w\" sizes=\"auto, (max-width: 150px) 100vw, 150px\" \/>\t\t\t\t\t\t\t\t\t\t\t\t\t\t\t<\/p>\n<p>A cot\u00e9 ou dans mes Palimpsestes, des travaux qui laissent une large place \u00e0 la nature, r\u00e9elle ou irr\u00e9elle&#8230;<\/p>\n<p>Un monde qui, &#8220;a&#8221; ou pourrait exister, avec ou sans nous.<\/p>\n<p>Des oeuvres qui deviennent abstraites de par l&#8217;abondance d&#8217;\u00e9l\u00e9ments, la richesse des couleurs.&nbsp;<\/p>\n<p>Et pourtant au d\u00e9part tout est bien dessin\u00e9, (<em>il faut croire que les oeuvres sont libres pour \u00e9chapper ainsi \u00e0 un dessin(dessein) tout &nbsp;trac\u00e9 ).<\/em><\/p>\n<p><i>Mes toiles aussi sont semblables \u00e0 des palimpsestes. Le sujet de&nbsp;d\u00e9part est masqu\u00e9 par les couches , les ajouts&nbsp;d&#8217;\u00e9l\u00e9ments , mais il ne&nbsp;dispara\u00eet pas&nbsp;compl\u00e8tement et&nbsp;ressurgit ici et l\u00e0 presque au &#8220;hasard &#8221; &#8230;<\/i><\/p>\n<\/p>\n<h2>Recommencer, r\u00e9\u00e9crire, rena\u00eetre !<\/h2>\n<p><img loading=\"lazy\" decoding=\"async\" src=\"https:\/\/murielle.myds.me\/wp-content\/uploads\/2017\/12\/palimpsestep-202x300.jpg\" alt=\"Palimpseste\" width=\"202\" height=\"300\" \/>Mes derni\u00e8res oeuvres sont semblables \u00e0 des palimpsestes.<\/p>\n<p>J&#8217;ai utilis\u00e9 d&#8217;anciens travaux \u00a0qui, d\u00e9chir\u00e9s, recoll\u00e9s, repeins, ont repris vie, sont devenus &#8220;autres &#8221; tout en gardant les traces d&#8217;une vie pass\u00e9e. Fondations n\u00e9cessaires au pr\u00e9sent.<\/p>\n<p>\u00a0<\/p>\n<h2>Explorer mon univers<\/h2>\n<p>Les p\u00e9riodes &#8221; s&#8217;enchainent&#8221;, une oeuvre en appelle une autre&#8230;l&#8217;amour, la nature avec notre implication dans celle-ci et maintenant les &#8220;Palimpsestes &#8220;. Ce sont les trois derni\u00e8res s\u00e9ries qui font suite \u00e0 la p\u00e9riode sur le temps qui &#8230; passe.\u00a0<\/p>\n<h3>Categories<\/h3>\n<p>\t\t\t\t\t\t\t\t<a data-elementor-open-lightbox=\"yes\" data-elementor-lightbox-slideshow=\"a4514cc\" data-elementor-lightbox-title=\"Plaisir nature Nature Plaisir\" data-e-action-hash=\"#elementor-action%3Aaction%3Dlightbox%26settings%3DeyJpZCI6MTcsInVybCI6Imh0dHBzOlwvXC8xOTIuMTY4LjAuMzhcL3dvcmRwcmVzc1wvd3AtY29udGVudFwvdXBsb2Fkc1wvMjAxOFwvMDZcL3BsYWlzaXJuYXR1cmVwLmpwZyIsInNsaWRlc2hvdyI6ImE0NTE0Y2MifQ%3D%3D\" href=\"https:\/\/murielle.myds.me\/?product_cat=toile\"><\/p>\n<figure><img decoding=\"async\" src=\"https:\/\/murielle.myds.me\/wp-content\/uploads\/2018\/06\/plaisirnaturep-150x150.jpg\" alt=\"Plaisir Nature Nature plaisir\" \/><\/figure>\n<p><\/a><a data-elementor-open-lightbox=\"yes\" data-elementor-lightbox-slideshow=\"a4514cc\" data-elementor-lightbox-title=\"2018\" data-elementor-lightbox-description=\"Huile sur toile\" data-e-action-hash=\"#elementor-action%3Aaction%3Dlightbox%26settings%3DeyJpZCI6MzMsInVybCI6Imh0dHBzOlwvXC8xOTIuMTY4LjAuMzhcL3dvcmRwcmVzc1wvd3AtY29udGVudFwvdXBsb2Fkc1wvMjAxOFwvMDZcLzIwMThwLmpwZyIsInNsaWRlc2hvdyI6ImE0NTE0Y2MifQ%3D%3D\" href=\"https:\/\/murielle.myds.me\/?product_cat=toile\"><\/p>\n<figure><img decoding=\"async\" src=\"https:\/\/murielle.myds.me\/wp-content\/uploads\/2018\/06\/2018p-150x150.jpg\" alt=\"2018\" \/><\/figure>\n<p><\/a><a data-elementor-open-lightbox=\"yes\" data-elementor-lightbox-slideshow=\"a4514cc\" data-elementor-lightbox-title=\"2022\" data-e-action-hash=\"#elementor-action%3Aaction%3Dlightbox%26settings%3DeyJpZCI6MTAyNjgsInVybCI6Imh0dHBzOlwvXC8xOTIuMTY4LjAuMzhcL3dvcmRwcmVzc1wvd3AtY29udGVudFwvdXBsb2Fkc1wvMjAyMlwvMDhcLzIwMjAuanBlZyIsInNsaWRlc2hvdyI6ImE0NTE0Y2MifQ%3D%3D\" href=\"https:\/\/murielle.myds.me\/?product_cat=toile\"><\/p>\n<figure><img decoding=\"async\" src=\"https:\/\/murielle.myds.me\/wp-content\/uploads\/2022\/08\/2020-150x150.jpeg\" alt=\"2022\" \/><\/figure>\n<p><\/a>\t\t\t<\/p>\n<p>Huiles sur toile, oeuvres sur papier&#8230;<\/p>\n<p>Lorem ipsum dolor sit amet, consectetur adipiscing elit. Ut elit tellus, luctus nec ullamcorper mattis, pulvinar dapibus leo.<\/p>\n","protected":false},"excerpt":{"rendered":"<p>Murielle Durez Art peinture Palimpsestes Un palimpseste\u00a0est un manuscrit constitu\u00e9 d\u2019un parchemin d\u00e9j\u00e0 utilis\u00e9, dont on a gratt\u00e9\u00a0 les inscriptions pour pouvoir y \u00e9crire de nouveau. D&#8217;anciens \u00e9crits ont ainsi \u00e9t\u00e9 d\u00e9couverts gr\u00e2ce aux nouvelles techniques. Effacer et r\u00e9\u00e9crire, mais garder des traces &#8221; d\u2019avant.&#8221;&#8230;&nbsp;<a class=\"read-more\" href=\"https:\/\/murielle.myds.me\/?page_id=10422\">&hellip;<\/a><\/p>\n","protected":false},"author":1,"featured_media":0,"parent":0,"menu_order":0,"comment_status":"closed","ping_status":"closed","template":"","meta":{"footnotes":""},"class_list":["post-10422","page","type-page","status-publish","hentry"],"_links":{"self":[{"href":"https:\/\/murielle.myds.me\/index.php?rest_route=\/wp\/v2\/pages\/10422","targetHints":{"allow":["GET"]}}],"collection":[{"href":"https:\/\/murielle.myds.me\/index.php?rest_route=\/wp\/v2\/pages"}],"about":[{"href":"https:\/\/murielle.myds.me\/index.php?rest_route=\/wp\/v2\/types\/page"}],"author":[{"embeddable":true,"href":"https:\/\/murielle.myds.me\/index.php?rest_route=\/wp\/v2\/users\/1"}],"replies":[{"embeddable":true,"href":"https:\/\/murielle.myds.me\/index.php?rest_route=%2Fwp%2Fv2%2Fcomments&post=10422"}],"version-history":[{"count":0,"href":"https:\/\/murielle.myds.me\/index.php?rest_route=\/wp\/v2\/pages\/10422\/revisions"}],"wp:attachment":[{"href":"https:\/\/murielle.myds.me\/index.php?rest_route=%2Fwp%2Fv2%2Fmedia&parent=10422"}],"curies":[{"name":"wp","href":"https:\/\/api.w.org\/{rel}","templated":true}]}}