{"id":10423,"date":"2017-12-13T08:37:50","date_gmt":"2017-12-13T08:37:50","guid":{"rendered":"https:\/\/murielledurez.com\/?page_id=10423"},"modified":"2025-08-03T14:41:00","modified_gmt":"2025-08-03T12:41:00","slug":"about-me","status":"publish","type":"page","link":"https:\/\/murielle.myds.me\/?page_id=10423","title":{"rendered":"About Me"},"content":{"rendered":"<p><img loading=\"lazy\" decoding=\"async\" width=\"225\" height=\"300\" src=\"https:\/\/murielle.myds.me\/wp-content\/uploads\/2025\/08\/Moi2025Evian-225x300.jpg\" alt=\"\" srcset=\"https:\/\/murielle.myds.me\/wp-content\/uploads\/2025\/08\/Moi2025Evian-225x300.jpg 225w, https:\/\/murielle.myds.me\/wp-content\/uploads\/2025\/08\/Moi2025Evian.jpg 300w\" sizes=\"auto, (max-width: 225px) 100vw, 225px\" \/>\t\t\t\t\t\t\t\t\t\t\t\t\t\t\t<\/p>\n<h1>Biographie<\/h1>\n<p>Je suis n\u00e9e \u00e0 Malo-les-Bains un beau jour de septembre le 2 ( pour les cadeaux)&#8230;.. Euh, maman n&#8217;a pas pr\u00e9cis\u00e9 l&#8217; ann\u00e9e !<\/p>\n<p>La mer \u00e9tait calme \u00e0 peu agit\u00e9e.<\/p>\n<p>Artiste peintre Romantico -singulier cr\u00e9atrice d&#8217;un monde o\u00f9 le r\u00e9el c\u00f4toie l&#8217;irr\u00e9el, la po\u00e9sie, l&#8217;humour, le romantisme &#8230;.<\/p>\n<p>J\u2019ai commenc\u00e9 \u00e0 peindre s\u00e9rieusement c\u2019est \u00e0 dire sans arr\u00eater depuis 1985<\/p>\n<p>souvent inspir\u00e9s de la commedia del\u00a0Arte, des marionnettes, des personnages pas&#8230; vraiment &#8230;r\u00e9els .<\/p>\n<p>J\u2019ai eu des p\u00e9riodes ocres, bleues, jaunes aussi (d\u00e9j\u00e0), j\u2019ai \u00e9tudi\u00e9 la ligne, le mouvement&#8230;. Mon travail \u00e9tait ax\u00e9 principalement sur les cr\u00e9atures qui occupaient l&#8217;espace laiss\u00e9 vide, abstrait.<\/p>\n<p>Le grand virage s&#8217;est op\u00e9r\u00e9, en remplissant le monde o\u00f9 vivaient mes &#8220;enfants&#8221;.<br \/>Et J\u2019ai continu\u00e9 \u00e0 peindre de la \u00a0: non- r\u00e9alit\u00e9 figurative !<\/p>\n<p>Le nom est venu autour d\u2019une bonne table avec des amis, l\u2019un disait : c\u2019est entre le r\u00e9el et l\u2019irr\u00e9el mais ni vraiment -r\u00e9el, ni vraiment -irr\u00e9el. Mais c\u2019est &#8230;figuratif.<\/p>\n<p>Alors, il m&#8217;a sembl\u00e9 que c&#8217;\u00e9tait du : non-r\u00e9el figuratif, et j&#8217;ai \u00e9crit le manifeste de la non r\u00e9alit\u00e9 figurative.<br \/>C\u2019\u00e9tait il y a un \u00a0peu plus d&#8217; une&#8230; vingtaine d\u2019ann\u00e9es et le nom est rest\u00e9.<\/p>\n<p>Un monde po\u00e9tique plein de faux -semblants, de mine de rien, de chemins entre le r\u00eave \u00e9veill\u00e9 et la fable .<\/p>\n<p>Mon travail \u00e0 cette p\u00e9riode rejoint par certains cot\u00e9s le r\u00e9alisme magique !<\/p>\n<p>On m\u2019a r\u00e9pertori\u00e9e depuis dans les artistes SINGULIERS. C\u2019est je trouve un terme un peu vague aussi et finalement:<\/p>\n<p>poetico ou romantico- singulier me semble plus juste.<\/p>\n<p>Dans les ann\u00e9es 2000<\/p>\n<p>Je commence \u00e0 raconter des &#8221; Petites histoires &#8220;,<br \/>\u00a0\u00ab Les petites histoires de voyeurisme \u00bb.<\/p>\n<p>Des petites histoires o\u00f9 les personnages se promenaient<br \/>\u00a0dans l\u2019absurdit\u00e9 de notre monde actuel.<br \/>\u00a0Les \u00e9talages de vies priv\u00e9es. R\u00e9ality bidules etc&#8230;<br \/>\u00a0tout cela pr\u00e9sent\u00e9 dans un monde de r\u00eave, de na\u00efvet\u00e9 enfantine.<\/p>\n<p>Depuis les oeuvres \u00a0grouillent de vie, de choses cach\u00e9es, de symboles.<\/p>\n<p>Des clins d&#8217;oeil aux grands peintres disparus Masaccio&#8230; Des clins d&#8217;oeil \u00e0 la mythologie.<\/p>\n<p>Les personnages \u00e9ternels adolescents naviguent toujours<br \/>\u00a0dans des univers parall\u00e8les aux fronti\u00e8res du r\u00e9el.<br \/>\u00a0Dans un monde color\u00e9 o\u00f9 l\u2019humour c\u00f4toie la po\u00e9sie et le romantisme.<br \/>\u00a0Telle Alice au pays des merveilles,<br \/>\u00a0Olympias, fifres, illustres inconnus avancent all\u00e8grement<br \/>\u00a0sur les routes de la vie parsem\u00e9es de mon imaginaire.<\/p>\n<p>Puis je construis mon arche et les emm\u00e8ne ensuite au pays de l&#8217;amour, mais aussi \u00a0visiter les grands th\u00e8mes de la bible, la Ziggurat, le veau d&#8217;or, les p\u00e9ch\u00e9s capitaux&#8230;<\/p>\n<p>De la luxure \u00e0 l&#8217;amour il n&#8217;y a&#8230; qu&#8217;un pas et j&#8217;y travaille avec ardeur pour arriver \u00e0 cette derni\u00e8re p\u00e9riode o\u00f9 la nature mise \u00e0 mal par notre soci\u00e9t\u00e9 me crie \u00a0son d\u00e9sespoir !<\/p>\n<p>Eh oui, je parle aux plantes, je parle aux arbres, \u00e0 la terre, et je n&#8217;en ai pas honte.<\/p>\n<p>Nous sommes une partie de la terre, sans elle nous n&#8217;existerions pas.<\/p>\n<p>Alors, oui je me sens en communion avec la nature, par ailleurs, les visiteurs de ma galerie sont en g\u00e9n\u00e9ral surpris par la prodigalit\u00e9 de mon jardin.<\/p>\n<p>Et j&#8217;ai bien l&#8217;intention de continuer \u00e0 s\u00e9vir et \u00e0 raconter mes petites histoires de l&#8217;\u00eatre et de sa m\u00e8re : \u00a0la terre, pendant&#8230;.Des lustres.<\/p>\n<p>C&#8217;est cela aussi le Romantico- Singulier, \u00a0du passionnel, pour l&#8217;\u00e9ternelle rebelle que je suis.<\/p>\n<p>\u00a0<\/p>\n<p>Quelques expos<br \/>Salon D\u2019automne Grd Palais Paris en 1989<br \/>Biennale D\u2019Arras en 1989<br \/>Salon des artistes Fran\u00e7ais Paris en 1990.1998.1999<br \/>Allemagne Ense en des ind\u00e9pendants Paris en 1993<br \/>Deauville<br \/>Biennale de Wimeureux en 1998<br \/>Dunkerque,<br \/>Clairac<br \/>Albert pendant 10 ans Mallemort 2003&#8230;..New york via le site investor<br \/>Galeries<br \/>DA SILVA Villeneuve d\u2019ascq 2009<\/p>\n<p>Galeries Morel (permanence ferm\u00e9e en 2008)<br \/>Globart Rouen,Honfleur(permanence)<br \/>,Le cheval de sable Paris ,L\u2019Alchimiste \u00e0 Isle sur la Sorgue(permanence2003)Art\u00e8s Barcelone ..<br \/>Quelques expositions personnelles<br \/>AEQUO 2008<br \/>le relais de la fontaine<br \/>D\u00e9cembre 2007 H\u00f4tel Westminster<\/p>\n<p>Le touquet<br \/>BULLY LES MINES 2006<br \/>Galerie Mimoleo Arras<br \/>Galerie Leo Lagrange Lens septembre 2003<br \/>Galerie le Cheval de sable Paris<br \/>Galerie D\u2019Art et D\u2019essais BoulogneLa galerie (permanence )<\/p>\n<p>\t\t\t\t\t\t\t\t\t\t\t\t\t\t\t\t<a href=\"https:\/\/murielle.myds.me\/wp-content\/uploads\/2022\/09\/certificate-02.jpg\" data-elementor-open-lightbox=\"yes\" data-e-action-hash=\"#elementor-action%3Aaction%3Dlightbox%26settings%3DeyJpZCI6MTA1MTMsInVybCI6ZmFsc2V9\"><br \/>\n\t\t\t\t\t\t\t<img decoding=\"async\" src=\"https:\/\/murielle.myds.me\/wp-content\/uploads\/2022\/09\/certificate-02.jpg\" title=\"\" alt=\"\" loading=\"lazy\" \/>\t\t\t\t\t\t\t\t<\/a><br \/>\n\t\t\t\t\t\t\t\t\t\t\t\t\t\t\t\t<a href=\"https:\/\/murielle.myds.me\/wp-content\/uploads\/2022\/09\/certificate-05.jpg\" data-elementor-open-lightbox=\"yes\" data-e-action-hash=\"#elementor-action%3Aaction%3Dlightbox%26settings%3DeyJpZCI6MTA1MTQsInVybCI6ZmFsc2V9\"><br \/>\n\t\t\t\t\t\t\t<img decoding=\"async\" src=\"https:\/\/murielle.myds.me\/wp-content\/uploads\/2022\/09\/certificate-05.jpg\" title=\"\" alt=\"\" loading=\"lazy\" \/>\t\t\t\t\t\t\t\t<\/a><br \/>\n\t\t\t\t\t\t\t\t\t\t\t\t\t\t\t\t<a href=\"https:\/\/murielle.myds.me\/wp-content\/uploads\/2022\/09\/certificate-03.jpg\" data-elementor-open-lightbox=\"yes\" data-e-action-hash=\"#elementor-action%3Aaction%3Dlightbox%26settings%3DeyJpZCI6MTA1MTUsInVybCI6ZmFsc2V9\"><br \/>\n\t\t\t\t\t\t\t<img decoding=\"async\" src=\"https:\/\/murielle.myds.me\/wp-content\/uploads\/2022\/09\/certificate-03.jpg\" title=\"\" alt=\"\" loading=\"lazy\" \/>\t\t\t\t\t\t\t\t<\/a><\/p>\n","protected":false},"excerpt":{"rendered":"<p>Biographie Je suis n\u00e9e \u00e0 Malo-les-Bains un beau jour de septembre le 2 ( pour les cadeaux)&#8230;.. Euh, maman n&#8217;a pas pr\u00e9cis\u00e9 l&#8217; ann\u00e9e ! La mer \u00e9tait calme \u00e0 peu agit\u00e9e. Artiste peintre Romantico -singulier cr\u00e9atrice d&#8217;un monde o\u00f9 le r\u00e9el c\u00f4toie l&#8217;irr\u00e9el, la&nbsp;<a class=\"read-more\" href=\"https:\/\/murielle.myds.me\/?page_id=10423\">&hellip;<\/a><\/p>\n","protected":false},"author":1,"featured_media":0,"parent":0,"menu_order":0,"comment_status":"closed","ping_status":"closed","template":"","meta":{"footnotes":""},"class_list":["post-10423","page","type-page","status-publish","hentry"],"_links":{"self":[{"href":"https:\/\/murielle.myds.me\/index.php?rest_route=\/wp\/v2\/pages\/10423","targetHints":{"allow":["GET"]}}],"collection":[{"href":"https:\/\/murielle.myds.me\/index.php?rest_route=\/wp\/v2\/pages"}],"about":[{"href":"https:\/\/murielle.myds.me\/index.php?rest_route=\/wp\/v2\/types\/page"}],"author":[{"embeddable":true,"href":"https:\/\/murielle.myds.me\/index.php?rest_route=\/wp\/v2\/users\/1"}],"replies":[{"embeddable":true,"href":"https:\/\/murielle.myds.me\/index.php?rest_route=%2Fwp%2Fv2%2Fcomments&post=10423"}],"version-history":[{"count":0,"href":"https:\/\/murielle.myds.me\/index.php?rest_route=\/wp\/v2\/pages\/10423\/revisions"}],"wp:attachment":[{"href":"https:\/\/murielle.myds.me\/index.php?rest_route=%2Fwp%2Fv2%2Fmedia&parent=10423"}],"curies":[{"name":"wp","href":"https:\/\/api.w.org\/{rel}","templated":true}]}}