{"id":10430,"date":"2017-12-15T11:59:47","date_gmt":"2017-12-15T10:59:47","guid":{"rendered":"https:\/\/murielledurez.com\/?page_id=10430"},"modified":"2025-09-03T14:11:14","modified_gmt":"2025-09-03T12:11:14","slug":"peintures-recentes-murielle-durez","status":"publish","type":"page","link":"https:\/\/murielle.myds.me\/?page_id=10430","title":{"rendered":"Oeuvres"},"content":{"rendered":"\n<p>&nbsp;<\/p>\n\n\n\n<div class=\"wp-block-group is-nowrap is-layout-flex wp-container-core-group-is-layout-ad2f72ca wp-block-group-is-layout-flex\">\n<figure class=\"wp-block-image is-resized\"><img decoding=\"async\" src=\"https:\/\/murielle.myds.me\/wp-content\/uploads\/2022\/09\/delombrealalumiere-150x150.jpeg\" alt=\"De l'ombre \u00e0 la lumi\u00e8re\" style=\"width:221px;height:auto\"\/><\/figure>\n\n\n\n<figure class=\"wp-block-image is-resized is-style-default\"><img decoding=\"async\" src=\"https:\/\/murielle.myds.me\/wp-content\/uploads\/2022\/09\/ici35_50p-150x150.jpg\" alt=\"Ici Oeuvre de la s\u00e9rie des palimpsestes.\" style=\"width:221px;height:auto\"\/><\/figure>\n\n\n\n<figure class=\"wp-block-image is-resized\"><img decoding=\"async\" src=\"https:\/\/murielle.myds.me\/wp-content\/uploads\/2022\/08\/2020-150x150.jpeg\" alt=\"2022\" style=\"width:234px;height:auto\"\/><\/figure>\n<\/div>\n\n\n\n<h2 class=\"wp-block-heading has-cyan-bluish-gray-color has-text-color has-link-color wp-elements-a63032f136b09680881d7c0cb5f16826\">Oeuvres sur papier<\/h2>\n\n\n\n<div class=\"wp-block-group is-vertical is-content-justification-center is-nowrap is-layout-flex wp-container-core-group-is-layout-fc169830 wp-block-group-is-layout-flex\">\n<figure class=\"wp-block-image is-resized\"><img decoding=\"async\" src=\"https:\/\/murielle.myds.me\/wp-content\/uploads\/2022\/09\/chercherp-150x150.jpg\" alt=\"Chercher\" style=\"width:277px;height:auto\"\/><\/figure>\n<\/div>\n\n\n\n<p>&nbsp;<\/p>\n\n\n\n<p>&nbsp;<\/p>\n\n\n\n<p>&nbsp;<\/p>\n\n\n\n<p>Cette vitrine est toujours en reconstruction, alors visitez aujourd&#8217;hui, mais revenez ! Un jour ou &#8230;l&#8217;autre je finirai&#8230;.<\/p>\n\n\n\n<figure class=\"wp-block-image is-resized is-style-default\"><img decoding=\"async\" src=\"https:\/\/murielle.myds.me\/wp-content\/uploads\/2022\/08\/apresP.jpg\" alt=\"\" style=\"width:663px;height:auto\"\/><\/figure>\n\n\n\n<h3 class=\"wp-block-heading\">Apr\u00e8s<\/h3>\n\n\n\n<p>Retour au &#8220;Bleu&#8221; ces derniers temps. Le bleu pour sa symbolique\u2026<br>\nPour moi ce sera \u00abL&#8217;Amour \u00bb , ne dit on pas : des yeux bleus, des yeux d\u2019amoureux ?<br>\nEnsuite les verts reviennent pour les r\u00e9chauffer et parler de nature.<br>\nMais toutes les couleurs se retrouvent dans la nature , c\u2019est une des raison qui fait que je les laisse exploser au coeur de mon travail .<br>\nTout commence par un dessin, une construction bas\u00e9e sur l&#8217;\u00e9quilibre.<br>\nLe dessin initial parfois se r\u00e9p\u00e8te et tend \u00e0 disparaitre sous les multiplications d&#8217;\u00e9l\u00e9ments jusqu&#8217;\u00e0 la mise en place d&#8217;un nouvel \u00e9quilibre de masse color\u00e9es .<\/p>\n\n\n\n<p>&nbsp;<\/p>\n\n\n\n<div class=\"wp-block-group\"><div class=\"wp-block-group__inner-container is-layout-constrained wp-block-group-is-layout-constrained\"><\/div><\/div>\n\n\n\n<figure class=\"wp-block-gallery has-nested-images columns-default is-cropped wp-block-gallery-1 is-layout-flex wp-block-gallery-is-layout-flex\">\n<figure class=\"wp-block-image size-large\"><img loading=\"lazy\" decoding=\"async\" width=\"450\" height=\"600\" data-id=\"10906\" src=\"https:\/\/murielle.myds.me\/wp-content\/uploads\/2017\/04\/momentsp.jpg\" alt=\"\" class=\"wp-image-10906\" srcset=\"https:\/\/murielle.myds.me\/wp-content\/uploads\/2017\/04\/momentsp.jpg 450w, https:\/\/murielle.myds.me\/wp-content\/uploads\/2017\/04\/momentsp-225x300.jpg 225w\" sizes=\"auto, (max-width: 450px) 100vw, 450px\" \/><\/figure>\n\n\n\n<figure class=\"wp-block-image size-large\"><img loading=\"lazy\" decoding=\"async\" width=\"344\" height=\"700\" data-id=\"10904\" src=\"https:\/\/murielle.myds.me\/wp-content\/uploads\/2017\/04\/jardinluxuriantp.jpg\" alt=\"Jardin luxuriant\" class=\"wp-image-10904\" srcset=\"https:\/\/murielle.myds.me\/wp-content\/uploads\/2017\/04\/jardinluxuriantp.jpg 344w, https:\/\/murielle.myds.me\/wp-content\/uploads\/2017\/04\/jardinluxuriantp-147x300.jpg 147w\" sizes=\"auto, (max-width: 344px) 100vw, 344px\" \/><\/figure>\n\n\n\n<figure class=\"wp-block-image size-large\"><img loading=\"lazy\" decoding=\"async\" width=\"500\" height=\"422\" data-id=\"10898\" src=\"https:\/\/murielle.myds.me\/wp-content\/uploads\/2022\/09\/venirp.jpg\" alt=\"\" class=\"wp-image-10898\" srcset=\"https:\/\/murielle.myds.me\/wp-content\/uploads\/2022\/09\/venirp.jpg 500w, https:\/\/murielle.myds.me\/wp-content\/uploads\/2022\/09\/venirp-300x253.jpg 300w\" sizes=\"auto, (max-width: 500px) 100vw, 500px\" \/><figcaption class=\"wp-element-caption\">Venir<\/figcaption><\/figure>\n\n\n\n<figure class=\"wp-block-image size-large\"><img loading=\"lazy\" decoding=\"async\" width=\"620\" height=\"800\" data-id=\"10852\" src=\"https:\/\/murielle.myds.me\/wp-content\/uploads\/2022\/09\/fenetresurvie.jpg\" alt=\"\" class=\"wp-image-10852\" srcset=\"https:\/\/murielle.myds.me\/wp-content\/uploads\/2022\/09\/fenetresurvie.jpg 620w, https:\/\/murielle.myds.me\/wp-content\/uploads\/2022\/09\/fenetresurvie-233x300.jpg 233w, https:\/\/murielle.myds.me\/wp-content\/uploads\/2022\/09\/fenetresurvie-600x774.jpg 600w\" sizes=\"auto, (max-width: 620px) 100vw, 620px\" \/><\/figure>\n\n\n\n<figure class=\"wp-block-image size-large\"><img loading=\"lazy\" decoding=\"async\" width=\"1024\" height=\"469\" data-id=\"11188\" src=\"https:\/\/murielle.myds.me\/wp-content\/uploads\/2024\/08\/cropped-Possible-scaled-1-1024x469.jpeg\" alt=\"\" class=\"wp-image-11188\" srcset=\"https:\/\/murielle.myds.me\/wp-content\/uploads\/2024\/08\/cropped-Possible-scaled-1-1024x469.jpeg 1024w, https:\/\/murielle.myds.me\/wp-content\/uploads\/2024\/08\/cropped-Possible-scaled-1-300x137.jpeg 300w, https:\/\/murielle.myds.me\/wp-content\/uploads\/2024\/08\/cropped-Possible-scaled-1-768x352.jpeg 768w, https:\/\/murielle.myds.me\/wp-content\/uploads\/2024\/08\/cropped-Possible-scaled-1-1200x550.jpeg 1200w, https:\/\/murielle.myds.me\/wp-content\/uploads\/2024\/08\/cropped-Possible-scaled-1.jpeg 1500w\" sizes=\"auto, (max-width: 1024px) 100vw, 1024px\" \/><\/figure>\n\n\n\n<figure class=\"wp-block-image size-large\"><img loading=\"lazy\" decoding=\"async\" width=\"508\" height=\"624\" data-id=\"10905\" src=\"https:\/\/murielle.myds.me\/wp-content\/uploads\/2017\/04\/lesensdelaviep.jpg\" alt=\"\" class=\"wp-image-10905\" srcset=\"https:\/\/murielle.myds.me\/wp-content\/uploads\/2017\/04\/lesensdelaviep.jpg 508w, https:\/\/murielle.myds.me\/wp-content\/uploads\/2017\/04\/lesensdelaviep-244x300.jpg 244w\" sizes=\"auto, (max-width: 508px) 100vw, 508px\" \/><\/figure>\n\n\n\n<figure class=\"wp-block-image size-large\"><img loading=\"lazy\" decoding=\"async\" width=\"350\" height=\"714\" data-id=\"10677\" src=\"https:\/\/murielle.myds.me\/wp-content\/uploads\/2022\/09\/plaisirnaturep.jpg\" alt=\"\" class=\"wp-image-10677\" srcset=\"https:\/\/murielle.myds.me\/wp-content\/uploads\/2022\/09\/plaisirnaturep.jpg 350w, https:\/\/murielle.myds.me\/wp-content\/uploads\/2022\/09\/plaisirnaturep-147x300.jpg 147w\" sizes=\"auto, (max-width: 350px) 100vw, 350px\" \/><\/figure>\n\n\n\n<figure class=\"wp-block-image size-large\"><img loading=\"lazy\" decoding=\"async\" width=\"480\" height=\"640\" data-id=\"10676\" src=\"https:\/\/murielle.myds.me\/wp-content\/uploads\/2022\/09\/partoutcestunfouillis.jpg\" alt=\"\" class=\"wp-image-10676\" srcset=\"https:\/\/murielle.myds.me\/wp-content\/uploads\/2022\/09\/partoutcestunfouillis.jpg 480w, https:\/\/murielle.myds.me\/wp-content\/uploads\/2022\/09\/partoutcestunfouillis-225x300.jpg 225w\" sizes=\"auto, (max-width: 480px) 100vw, 480px\" \/><\/figure>\n\n\n\n<figure class=\"wp-block-image size-large\"><img loading=\"lazy\" decoding=\"async\" width=\"442\" height=\"600\" data-id=\"10670\" src=\"https:\/\/murielle.myds.me\/wp-content\/uploads\/2022\/09\/lalegeretedelaviep.jpg\" alt=\"\" class=\"wp-image-10670\" srcset=\"https:\/\/murielle.myds.me\/wp-content\/uploads\/2022\/09\/lalegeretedelaviep.jpg 442w, https:\/\/murielle.myds.me\/wp-content\/uploads\/2022\/09\/lalegeretedelaviep-221x300.jpg 221w\" sizes=\"auto, (max-width: 442px) 100vw, 442px\" \/><\/figure>\n\n\n\n<figure class=\"wp-block-image size-large\"><img loading=\"lazy\" decoding=\"async\" width=\"649\" height=\"487\" data-id=\"10667\" src=\"https:\/\/murielle.myds.me\/wp-content\/uploads\/2022\/09\/possiblep.jpg\" alt=\"Possible\" class=\"wp-image-10667\" srcset=\"https:\/\/murielle.myds.me\/wp-content\/uploads\/2022\/09\/possiblep.jpg 649w, https:\/\/murielle.myds.me\/wp-content\/uploads\/2022\/09\/possiblep-300x225.jpg 300w, https:\/\/murielle.myds.me\/wp-content\/uploads\/2022\/09\/possiblep-600x450.jpg 600w\" sizes=\"auto, (max-width: 649px) 100vw, 649px\" \/><figcaption class=\"wp-element-caption\">Possible, une vision d&#8217;un monde de beaucoup qualifieront de paradisiaque&#8230;<\/figcaption><\/figure>\n\n\n\n<figure class=\"wp-block-image size-large\"><img loading=\"lazy\" decoding=\"async\" width=\"800\" height=\"600\" data-id=\"10669\" src=\"https:\/\/murielle.myds.me\/wp-content\/uploads\/2022\/09\/danse-aveclerosesp.jpg\" alt=\"\" class=\"wp-image-10669\" srcset=\"https:\/\/murielle.myds.me\/wp-content\/uploads\/2022\/09\/danse-aveclerosesp.jpg 800w, https:\/\/murielle.myds.me\/wp-content\/uploads\/2022\/09\/danse-aveclerosesp-300x225.jpg 300w, https:\/\/murielle.myds.me\/wp-content\/uploads\/2022\/09\/danse-aveclerosesp-768x576.jpg 768w, https:\/\/murielle.myds.me\/wp-content\/uploads\/2022\/09\/danse-aveclerosesp-600x450.jpg 600w\" sizes=\"auto, (max-width: 800px) 100vw, 800px\" \/><\/figure>\n<\/figure>\n\n\n\n<figure class=\"wp-block-image\"><img decoding=\"async\" src=\"https:\/\/murielle.myds.me\/wp-content\/uploads\/2022\/09\/lalegeretedelaviep-150x150.jpg\" alt=\"La l\u00e9g\u00e8ret\u00e9 de la vie\"\/><figcaption class=\"wp-element-caption\">La l\u00e9g\u00e8ret\u00e9 de la vie<\/figcaption><\/figure>\n\n\n\n<p>&nbsp;<\/p>\n\n\n\n<p>&nbsp;<\/p>\n\n\n\n<figure class=\"wp-block-image\"><img decoding=\"async\" src=\"https:\/\/murielle.myds.me\/wp-content\/uploads\/2022\/09\/bioP-150x150.jpg\" alt=\"Bio\"\/><figcaption class=\"wp-element-caption\">Bio<\/figcaption><\/figure>\n\n\n\n<p>&nbsp;<\/p>\n\n\n\n<figure class=\"wp-block-image\"><img decoding=\"async\" src=\"https:\/\/murielle.myds.me\/wp-content\/uploads\/2022\/09\/meditationp-150x150.jpg\" alt=\"M\u00e9ditation\"\/><figcaption class=\"wp-element-caption\">M\u00e9ditation<\/figcaption><\/figure>\n\n\n\n<p>&nbsp;<\/p>\n\n\n\n<figure class=\"wp-block-image\"><img decoding=\"async\" src=\"https:\/\/murielle.myds.me\/wp-content\/uploads\/2022\/09\/surlaroutep-150x150.jpg\" alt=\"Sur la route\"\/><figcaption class=\"wp-element-caption\">Sur la route<\/figcaption><\/figure>\n\n\n\n<p>&nbsp;<\/p>\n\n\n\n<figure class=\"wp-block-image\"><img decoding=\"async\" src=\"https:\/\/murielle.myds.me\/wp-content\/uploads\/2022\/09\/airdeparadisp-150x150.jpg\" alt=\"Un air de paradis\"\/><figcaption class=\"wp-element-caption\">Un air de paradis<\/figcaption><\/figure>\n\n\n\n<p>&nbsp;<\/p>\n\n\n\n<figure class=\"wp-block-image\"><img decoding=\"async\" src=\"https:\/\/murielle.myds.me\/wp-content\/uploads\/2022\/09\/voldenuit-150x150.jpg\" alt=\"Vol de nuit\"\/><figcaption class=\"wp-element-caption\">Vol de nuit<\/figcaption><\/figure>\n\n\n\n<p>&nbsp;<\/p>\n\n\n\n<p>&nbsp;<\/p>\n\n\n\n<figure class=\"wp-block-image\"><img decoding=\"async\" src=\"https:\/\/murielle.myds.me\/wp-content\/uploads\/2022\/09\/batifolagep-150x150.jpg\" alt=\"Batifolage\"\/><figcaption class=\"wp-element-caption\">Batifolage<\/figcaption><\/figure>\n\n\n\n<p>&nbsp;<\/p>\n\n\n\n<figure class=\"wp-block-image\"><img decoding=\"async\" src=\"https:\/\/murielle.myds.me\/wp-content\/uploads\/2022\/09\/demainlecoqp-150x150.jpg\" alt=\"Demain le coq\"\/><figcaption class=\"wp-element-caption\">Demain le coq<\/figcaption><\/figure>\n\n\n\n<p>&nbsp;<\/p>\n\n\n\n<figure class=\"wp-block-image\"><img decoding=\"async\" src=\"https:\/\/murielle.myds.me\/wp-content\/uploads\/2022\/09\/derniere.-extraitp-150x150.jpg\" alt=\"derniere.-extraitp\"\/><figcaption class=\"wp-element-caption\">derniere.-extraitp<\/figcaption><\/figure>\n\n\n\n<p>&nbsp;<\/p>\n\n\n\n<figure class=\"wp-block-image\"><img decoding=\"async\" src=\"https:\/\/murielle.myds.me\/wp-content\/uploads\/2022\/09\/partoutcestunfouillis-150x150.jpg\" alt=\"Partout c'est un fouillis\"\/><figcaption class=\"wp-element-caption\">Partout c&#8217;est un fouillis<\/figcaption><\/figure>\n\n\n\n<p>&nbsp;<\/p>\n\n\n\n<p>La p\u00e9riode &#8220;Temps qui passe &#8221; Avec l&#8217;\u00e9tude des mythes, et juste avant la p\u00e9riode sur l&#8217;amour.<\/p>\n\n\n\n<figure class=\"wp-block-image gallery-item\"><a href=\"https:\/\/murielle.myds.me\/wp-content\/uploads\/2022\/08\/tic-tacp_0-1.jpg\"><img decoding=\"async\" src=\"https:\/\/murielle.myds.me\/wp-content\/uploads\/2022\/08\/tic-tacp_0-1-150x150.jpg\" alt=\"\"\/><\/a><figcaption class=\"wp-element-caption\">Tic Tac<\/figcaption><\/figure>\n\n\n\n<figure class=\"wp-block-image gallery-item\"><a href=\"https:\/\/murielle.myds.me\/wp-content\/uploads\/2022\/08\/poulep.jpg\"><img decoding=\"async\" src=\"https:\/\/murielle.myds.me\/wp-content\/uploads\/2022\/08\/poulep-150x150.jpg\" alt=\"\"\/><\/a><figcaption class=\"wp-element-caption\">Oeuf Poule<\/figcaption><\/figure>\n\n\n\n<figure class=\"wp-block-image gallery-item\"><a href=\"https:\/\/murielle.myds.me\/wp-content\/uploads\/2022\/08\/archep.jpg\"><img decoding=\"async\" src=\"https:\/\/murielle.myds.me\/wp-content\/uploads\/2022\/08\/archep-150x150.jpg\" alt=\"\"\/><\/a><figcaption class=\"wp-element-caption\">L\u2019arche<\/figcaption><\/figure>\n\n\n\n<figure class=\"wp-block-image gallery-item\"><a href=\"https:\/\/murielle.myds.me\/wp-content\/uploads\/2022\/08\/guerreetpaix2.jpg\"><img decoding=\"async\" src=\"https:\/\/murielle.myds.me\/wp-content\/uploads\/2022\/08\/guerreetpaix2-150x150.jpg\" alt=\"\"\/><\/a><figcaption class=\"wp-element-caption\">Guerre et paixLe veau d\u2019or<\/figcaption><\/figure>\n\n\n\n<figure class=\"wp-block-image gallery-item\"><a href=\"https:\/\/murielle.myds.me\/wp-content\/uploads\/2022\/08\/veaudor.jpg\"><img decoding=\"async\" src=\"https:\/\/murielle.myds.me\/wp-content\/uploads\/2022\/08\/veaudor-150x150.jpg\" alt=\"Le veau d'or\"\/><\/a><\/figure>\n\n\n\n<figure class=\"wp-block-image gallery-item\"><a href=\"https:\/\/murielle.myds.me\/wp-content\/uploads\/2022\/09\/zigguratp.jpg\"><img decoding=\"async\" src=\"https:\/\/murielle.myds.me\/wp-content\/uploads\/2022\/09\/zigguratp-150x150.jpg\" alt=\"La ziggurat\"\/><\/a><\/figure>\n\n\n\n<figure class=\"wp-block-image gallery-item\"><a href=\"https:\/\/murielle.myds.me\/wp-content\/uploads\/2022\/09\/maindroitep.jpg\"><img decoding=\"async\" src=\"https:\/\/murielle.myds.me\/wp-content\/uploads\/2022\/09\/maindroitep-150x150.jpg\" alt=\"Main droite\"\/><\/a><\/figure>\n\n\n\n<figure class=\"wp-block-image gallery-item\"><a href=\"https:\/\/murielle.myds.me\/wp-content\/uploads\/2022\/09\/eveilp.jpg\"><img decoding=\"async\" src=\"https:\/\/murielle.myds.me\/wp-content\/uploads\/2022\/09\/eveilp-150x150.jpg\" alt=\"\"\/><\/a><\/figure>\n\n\n\n<div class=\"wp-block-group is-layout-grid wp-container-core-group-is-layout-9649a0d9 wp-block-group-is-layout-grid\"><\/div>\n\n\n\n<figure class=\"wp-block-gallery has-nested-images columns-default is-cropped wp-block-gallery-2 is-layout-flex wp-block-gallery-is-layout-flex\"><\/figure>\n","protected":false},"excerpt":{"rendered":"<p>&nbsp; Oeuvres sur papier &nbsp; &nbsp; &nbsp; Cette vitrine est toujours en reconstruction, alors visitez aujourd&#8217;hui, mais revenez ! Un jour ou &#8230;l&#8217;autre je finirai&#8230;. Apr\u00e8s Retour au &#8220;Bleu&#8221; ces derniers temps. Le bleu pour sa symbolique\u2026 Pour moi ce sera \u00abL&#8217;Amour \u00bb , ne&nbsp;<a class=\"read-more\" href=\"https:\/\/murielle.myds.me\/?page_id=10430\">&hellip;<\/a><\/p>\n","protected":false},"author":1,"featured_media":0,"parent":0,"menu_order":0,"comment_status":"closed","ping_status":"closed","template":"","meta":{"footnotes":""},"class_list":["post-10430","page","type-page","status-publish","hentry"],"_links":{"self":[{"href":"https:\/\/murielle.myds.me\/index.php?rest_route=\/wp\/v2\/pages\/10430","targetHints":{"allow":["GET"]}}],"collection":[{"href":"https:\/\/murielle.myds.me\/index.php?rest_route=\/wp\/v2\/pages"}],"about":[{"href":"https:\/\/murielle.myds.me\/index.php?rest_route=\/wp\/v2\/types\/page"}],"author":[{"embeddable":true,"href":"https:\/\/murielle.myds.me\/index.php?rest_route=\/wp\/v2\/users\/1"}],"replies":[{"embeddable":true,"href":"https:\/\/murielle.myds.me\/index.php?rest_route=%2Fwp%2Fv2%2Fcomments&post=10430"}],"version-history":[{"count":0,"href":"https:\/\/murielle.myds.me\/index.php?rest_route=\/wp\/v2\/pages\/10430\/revisions"}],"wp:attachment":[{"href":"https:\/\/murielle.myds.me\/index.php?rest_route=%2Fwp%2Fv2%2Fmedia&parent=10430"}],"curies":[{"name":"wp","href":"https:\/\/api.w.org\/{rel}","templated":true}]}}